{"id":1193,"date":"2020-07-16T18:54:42","date_gmt":"2020-07-16T18:54:42","guid":{"rendered":"http:\/\/odmatanje.net\/?page_id=1193"},"modified":"2024-02-07T13:17:18","modified_gmt":"2024-02-07T13:17:18","slug":"o-meni","status":"publish","type":"page","link":"https:\/\/obnavljanje.net\/?page_id=1193","title":{"rendered":"o meni"},"content":{"rendered":"\n<p>Stvarno zna\u010denje rije\u010di psihologija je znanost o du\u0161i. Rije\u010d sama je ipak podijeljena, i \u010desto je rad i praksa psihologa\/psihologinje podijeljena u dva toka (jedan malo vi\u0161e u primjeni znanosti, drugi u savjetovanju i terapijskom radu, radu s unutarnjim prostorima du\u0161e).<\/p>\n\n\n\n<p class=\"has-col-719430-color has-text-color\">&#8220;-logija&#8221;<\/p>\n\n\n\n<p>Tako i moj rad ima dva lica &#8211; prakti\u010dni, &#8216;svjetovni&#8217; rad, u organizacijama, s timovima i pojedincima &#8211; donosim znanje psihologije kao znanosti u podr\u0161ku, edukaciju i razvoj ljudima za potrebe zajedni\u010dkog rada &#8211; vo\u0111enje ljudi i projekata, upravljanje promjenama . Strast mi je prona\u0107i nit koja povezuje ljude u radu, i kreirati uvjete za kreiranje zajednica  u razmjeni znanja i zajedni\u010dkom radu (Community of practice).  Tu se oslanjam na pristupe usmjerene snagama, prora\u0111ene psiholo\u0161ke alate i na\u010dine za rad s promjenama.<\/p>\n\n\n\n<p>Ponosna sam na to kojim intenzitetom i marljivo\u0161\u0107u mo\u017eemo u\u010diti. Va\u017eni segment mog rada je u prevenciji izgaranja i za\u0161titi od stresa &#8211; razumjeti me\u0111uprostor organizacijske psihologije, biologije i medicine kako bi ljudi stekli (obnovili) vje\u0161tine samoregulacije i konkretno, nau\u010dili upravljati svojim emocionalnim reakcijama i stresom.  O tim osobnim resursima <strong>manje razgovaram <\/strong>s ljudima, a vi\u0161e ih pou\u010davam prakti\u010dnim osobnim navikama. U na\u0161im vremenima smo dosta navikli zahva\u0107ati umom, i \u010desto dobre ideje ne dovodimo u praksu samo zato jer ih ve\u0107 &#8216;znamo&#8217;. <\/p>\n\n\n\n<p class=\"has-col-719430-color has-text-color\">&#8220;psiho-&#8220;<\/p>\n\n\n\n<p>Drugo lice mog rada je jednako va\u017eno, iako manje vidljivo i \u010desto ispod povr\u0161ine &#8211; savjetovanje i osobni rad. Mjesto u\u010denja, istra\u017eivanja, osobnog razumijevanja i razvoja. Mjesto sanjanja i dubokih uvida. Mjesto u kojem spajam, integriram, crpim ideje i u\u010dim. I prije studija psihologije, jo\u0161 kao tinejd\u017eerica, vje\u017ebala sam disanje, Tai Chi, \u010ditala budisti\u010dke tekstove (u Kulturama istoka : ), nalazila uto\u010di\u0161te u  poeziji&#8230; Kasnije sam u\u010dila kroz studij, i vi\u0161egodi\u0161nja u\u010denja &#8211; Gestalt terapija, process work, sensory awareness, ekopsihologija, Feldenkrais \u2013 otvarala daljnja poglavlja razumijevanja toga gdje i kako \u017eivimo u na\u0161im tijelima i na svijetu, i na kojim mjestima s prirodom i na koje na\u010dine u tijelu nalazimo izvore vitalnosti i snage.<\/p>\n\n\n\n<p>U mom se radu psiho-logija i -logija-psiho preta\u010du, me\u0111usobno nadopunjavaju i produbljuju.<\/p>\n\n\n\n<p>Moji poticaji:<br><em>Slijedim tragove velikih umova, zato se ovako usu\u0111ujem pisati, dugujemo znanju po\u0161tovanje i spajanje sa radom, vjerujem da mu ponekad treba dati vidljivost, iako \u010desto nema vanjsku pojavnost, ni rije\u010di kojima bi se vidljivim u\u010dinilo<\/em><\/p>\n\n\n\n<p><\/p>\n\n\n\n<ul class=\"wp-block-list\">\n<li>C.G. Jung u razumijevanju i pra\u0107enju rada du\u0161e<\/li>\n\n\n\n<li>Arnold Mindell u razvoju Jungijanskog rada kroz procesno orijentiranu psihologiju, posebno rad na sanjanju<\/li>\n\n\n\n<li>Clarissa Pinkola Estes i Marion Woodman &#8211; \u017eene koje su Jungov rad preto\u010dile u znanje pri\u010da. Razli\u010diti autori  u istra\u017eivanju povezanosti s prirodom (Michael Cohen &#8211; Reconnecting with nature, Plotkin koji integrira rad s ljudima u tradicijskim na\u010dinima s prirodom)<\/li>\n\n\n\n<li>Tjelesni rad &#8211; tai chi s Jasminkom Miklecom po\u010detkom devedesetih u Zagrebu otvori je put tjelesnog u\u010denja, chi qung &#8211; majstora Chen Xiao Wanga, sensory awareness s Peggy Zeitler, Feldenkrais metoda (s Jerry Karzenom u Njema\u010dkoj 2016-2020)<\/li>\n\n\n\n<li>Istra\u017eiva\u010di i integratori razli\u010ditih struka &#8211; Winnicott, Bohm, Joanna Macy, Otto Scharmer, Orland Bishop<\/li>\n\n\n\n<li>I brojni drugi ..  pjesnici, mislioci, pjesnikinje, majke, biodinami\u010dki vrtlari, vrtlarice, znanstvenici, terapeuti (u punom rasponu &#8211; psiho, fizio, ku\u0107ni majstori &#8230;)<\/li>\n<\/ul>\n\n\n\n<p>Iz mojeg malog kutka svijeta, najva\u017eniji veliki umovi i velika srca su ona koja me prate kroz \u017eivot &#8211; i koji su doprinjeli znanju i radu dijele\u0107i \u017eivot sa mnom &#8211; roditelji, bake, djedovi, prijateljice, prijatelji, partneri, moja i druga djeca&#8230; <\/p>\n\n\n\n<p><\/p>\n\n\n\n<p>Jasminka<\/p>\n","protected":false},"excerpt":{"rendered":"<p>Stvarno zna\u010denje rije\u010di psihologija je znanost o du\u0161i. Rije\u010d sama je ipak podijeljena, i \u010desto je rad i praksa psihologa\/psihologinje podijeljena u dva toka (jedan malo vi\u0161e u primjeni znanosti, drugi u savjetovanju i terapijskom radu, radu s unutarnjim prostorima du\u0161e). &#8220;-logija&#8221; Tako i moj rad ima dva lica &#8211; prakti\u010dni, &#8216;svjetovni&#8217; rad, u organizacijama, [&hellip;]<\/p>\n","protected":false},"author":2,"featured_media":1200,"parent":0,"menu_order":0,"comment_status":"closed","ping_status":"closed","template":"","meta":{"om_disable_all_campaigns":false,"_monsterinsights_skip_tracking":false,"_monsterinsights_sitenote_active":false,"_monsterinsights_sitenote_note":"","_monsterinsights_sitenote_category":0,"footnotes":""},"class_list":["post-1193","page","type-page","status-publish","has-post-thumbnail","hentry"],"_links":{"self":[{"href":"https:\/\/obnavljanje.net\/index.php?rest_route=\/wp\/v2\/pages\/1193","targetHints":{"allow":["GET"]}}],"collection":[{"href":"https:\/\/obnavljanje.net\/index.php?rest_route=\/wp\/v2\/pages"}],"about":[{"href":"https:\/\/obnavljanje.net\/index.php?rest_route=\/wp\/v2\/types\/page"}],"author":[{"embeddable":true,"href":"https:\/\/obnavljanje.net\/index.php?rest_route=\/wp\/v2\/users\/2"}],"replies":[{"embeddable":true,"href":"https:\/\/obnavljanje.net\/index.php?rest_route=%2Fwp%2Fv2%2Fcomments&post=1193"}],"version-history":[{"count":12,"href":"https:\/\/obnavljanje.net\/index.php?rest_route=\/wp\/v2\/pages\/1193\/revisions"}],"predecessor-version":[{"id":1795,"href":"https:\/\/obnavljanje.net\/index.php?rest_route=\/wp\/v2\/pages\/1193\/revisions\/1795"}],"wp:featuredmedia":[{"embeddable":true,"href":"https:\/\/obnavljanje.net\/index.php?rest_route=\/wp\/v2\/media\/1200"}],"wp:attachment":[{"href":"https:\/\/obnavljanje.net\/index.php?rest_route=%2Fwp%2Fv2%2Fmedia&parent=1193"}],"curies":[{"name":"wp","href":"https:\/\/api.w.org\/{rel}","templated":true}]}}